{"id":873,"date":"2026-02-28T12:41:28","date_gmt":"2026-02-28T09:41:28","guid":{"rendered":"https:\/\/www.ahitv.com.tr\/?page_id=873"},"modified":"2026-02-28T12:41:28","modified_gmt":"2026-02-28T09:41:28","slug":"01-03-2026-baran-eczanesi","status":"publish","type":"page","link":"https:\/\/www.ahitv.com.tr\/index.php\/01-03-2026-baran-eczanesi\/","title":{"rendered":"01-03-2026 BARAN ECZANES\u0130"},"content":{"rendered":"<p>01-03-2026 BARAN ECZANES\u0130 N\u00d6BET\u00c7\u0130 ESK\u0130 AC\u0130L KAR\u015eISI<\/p>\n","protected":false},"excerpt":{"rendered":"<p>01-03-2026 BARAN ECZANES\u0130 N\u00d6BET\u00c7\u0130 ESK\u0130 AC\u0130L KAR\u015eISI<\/p>\n","protected":false},"author":1,"featured_media":0,"parent":0,"menu_order":0,"comment_status":"closed","ping_status":"closed","template":"","meta":{"footnotes":""},"class_list":["post-873","page","type-page","status-publish","hentry"],"_links":{"self":[{"href":"https:\/\/www.ahitv.com.tr\/index.php\/wp-json\/wp\/v2\/pages\/873","targetHints":{"allow":["GET"]}}],"collection":[{"href":"https:\/\/www.ahitv.com.tr\/index.php\/wp-json\/wp\/v2\/pages"}],"about":[{"href":"https:\/\/www.ahitv.com.tr\/index.php\/wp-json\/wp\/v2\/types\/page"}],"author":[{"embeddable":true,"href":"https:\/\/www.ahitv.com.tr\/index.php\/wp-json\/wp\/v2\/users\/1"}],"replies":[{"embeddable":true,"href":"https:\/\/www.ahitv.com.tr\/index.php\/wp-json\/wp\/v2\/comments?post=873"}],"version-history":[{"count":1,"href":"https:\/\/www.ahitv.com.tr\/index.php\/wp-json\/wp\/v2\/pages\/873\/revisions"}],"predecessor-version":[{"id":1041,"href":"https:\/\/www.ahitv.com.tr\/index.php\/wp-json\/wp\/v2\/pages\/873\/revisions\/1041"}],"wp:attachment":[{"href":"https:\/\/www.ahitv.com.tr\/index.php\/wp-json\/wp\/v2\/media?parent=873"}],"curies":[{"name":"wp","href":"https:\/\/api.w.org\/{rel}","templated":true}]}}